{"id":9229,"date":"2025-10-20T09:25:11","date_gmt":"2025-10-20T07:25:11","guid":{"rendered":"https:\/\/sanatoriumyork.pl\/?page_id=9229"},"modified":"2025-10-22T09:22:48","modified_gmt":"2025-10-22T07:22:48","slug":"pobyt-sylwestrowo-noworoczny-29-12-2025-r-2-01-2026-r","status":"publish","type":"page","link":"https:\/\/sanatoriumyork.pl\/index.php\/pobyt-sylwestrowo-noworoczny-29-12-2025-r-2-01-2026-r\/","title":{"rendered":"Pobyt Sylwestrowo-Noworoczny  29.12.2025 r.  &#8211;  2.01.2026 r."},"content":{"rendered":"\t\t<div data-elementor-type=\"wp-page\" data-elementor-id=\"9229\" class=\"elementor elementor-9229\">\n\t\t\t\t\t\t<section class=\"elementor-section elementor-top-section elementor-element elementor-element-d099650 elementor-section-height-min-height cs-section-content-fullwidth cs-parallax-on-scroll cs_scroll_y_80 elementor-section-boxed elementor-section-height-default elementor-section-items-middle\" data-id=\"d099650\" data-element_type=\"section\" data-settings=\"{&quot;background_background&quot;:&quot;classic&quot;}\" data-cs-parallax-y=\"80\" style=\"background-image: none;\" data-cs-background-image=\"https:\/\/sanatoriumyork.pl\/wp-content\/uploads\/2025\/10\/widok-z-boku-szampana-na-noc-nowego-roku.jpg\">\n\t\t\t\t\t\t\t<div class=\"elementor-background-overlay\"><\/div>\n\t\t\t\t\t\t\t<div class=\"elementor-container elementor-column-gap-no\">\n\t\t\t\t\t<div class=\"elementor-column elementor-col-100 elementor-top-column elementor-element elementor-element-46928df7 dark-color\" data-id=\"46928df7\" data-element_type=\"column\">\n\t\t\t<div class=\"elementor-widget-wrap elementor-element-populated\">\n\t\t\t\t\t\t<div class=\"elementor-element elementor-element-2b8f8104 elementor-widget elementor-widget-cs_title\" data-id=\"2b8f8104\" data-element_type=\"widget\" data-widget_type=\"cs_title.default\">\n\t\t\t\t<div class=\"elementor-widget-container\">\n\t\t\t\t\t\n        <div class=\"cs-title-wrap text-center\">\t            <h1 class=\"cs-title\">\n\t                Pobyt<\/br>Sylwestrowo-Noworoczny\n\n29.12.2025 r.  -  2.01.2026 r.\t            <\/h1>        <\/div>\t\t\t\t<\/div>\n\t\t\t\t<\/div>\n\t\t\t\t\t<\/div>\n\t\t<\/div>\n\t\t\t\t\t<\/div>\n\t\t<\/section>\n\t\t\t\t<section class=\"elementor-section elementor-top-section elementor-element elementor-element-7143fad8 elementor-section-boxed elementor-section-height-default elementor-section-height-default\" data-id=\"7143fad8\" data-element_type=\"section\">\n\t\t\t\t\t\t<div class=\"elementor-container elementor-column-gap-no\">\n\t\t\t\t\t<div class=\"elementor-column elementor-col-100 elementor-top-column elementor-element elementor-element-2b0b003b\" data-id=\"2b0b003b\" data-element_type=\"column\">\n\t\t\t<div class=\"elementor-widget-wrap elementor-element-populated\">\n\t\t\t\t\t\t<div class=\"elementor-element elementor-element-1febbebb elementor-widget elementor-widget-cs_title\" data-id=\"1febbebb\" data-element_type=\"widget\" data-widget_type=\"cs_title.default\">\n\t\t\t\t<div class=\"elementor-widget-container\">\n\t\t\t\t\t\n        <div class=\"cs-title-wrap text-center\">\t            <div class=\"cs-subtitle-wrap\"><span class=\"cs-subtitle\">Sanatorium York w Ciechocinku<\/span><\/div>\t            <h3 class=\"cs-title\">\n\t                Pobyt noworoczny w sanatorium York w Ciechocinku mo\u017ce by\u0107 doskona\u0142ym sposobem na przywitanie Nowego Roku w zdrowej i relaksuj\u0105cej atmosferze. Sanatorium, po\u0142o\u017cone w uzdrowiskowym miasteczku znanym z leczniczych w\u0142a\u015bciwo\u015bci solanek, oferuje zar\u00f3wno zdrowotne zabiegi, jak i mo\u017cliwo\u015b\u0107 wypoczynku w czasie \u015bwi\u0105tecznym.\t            <\/h3>\t            <div class=\"cs-title-text\">\n\t                <p class=\"p1\"><b>Pobyt Sylwestrowo-Noworoczny<\/b><\/p><p class=\"p3\"><b>29.12.2025 r.<span class=\"Apple-converted-space\">\u00a0 <\/span>&#8211;<span class=\"Apple-converted-space\">\u00a0 <\/span>2.01.2026 r.<\/b><\/p><p class=\"p5\"><b>Sp\u0119d\u017a Nowy Rok w Sanatorium YORK w Ciechocinku<\/b><\/p><p class=\"p7\">tel. 54\/416 24 24; 662 907 527<\/p><p class=\"p1\"><b>Pobyt wypoczynkowy w okresie od 29.12.2025 do 02.01.2026<\/b><\/p><p class=\"p3\">Podana cena zawiera<\/p><p class=\"p3\">Nocleg zgodnie z dokonan\u0105 rezerwacj\u0105,(4 noclegi)<\/p><p class=\"p4\"><b><i>Doba hotelowa rozpoczyna si\u0119 o godz. 15:00 i ko\u0144czy si\u0119 o godz. 10:00<\/i><\/b><\/p><p class=\"p4\">Ca\u0142odzienne wy\u017cywienie w formie bufetu <i>( pobyt rozpoczyna si\u0119 od kolacji w dniu przyjazdu a ko\u0144czy \u015bniadaniem w dniu wyjazdu)<\/i><\/p><p class=\"p4\">\u015awi\u0105teczny prezent<br \/><span style=\"font-size: inherit;\">Ca\u0142odobowa opieka medyczna <\/span><i style=\"font-size: inherit;\">w przypadku nag\u0142ych zachorowa\u0144<br \/><\/i>Dost\u0119p do sali fitness <i>(w okre\u015blonych dniach i godzinach)<br \/><\/i>Dost\u0119p do basenu solankowego i groty solnej (<i>w okre\u015blonych dniach i godzinach)<br \/><\/i><i>Mo\u017cliwo\u015b\u0107 zakupu zabieg\u00f3w leczniczych i SPA<br \/><\/i>Wieczorki taneczne w Restauracji York<br \/>Bezp\u0142atny internet Wi-Fi<br \/>Bezp\u0142atny parking<br \/>Bal sylwestrowy w restauracji YORK (dodatkowo p\u0142atny)<\/p><p class=\"p1\"><span style=\"color: #ff0000;\"><b>Miejsce w pokoju 1\u2013osobowym<\/b><\/span><\/p><p class=\"p1\"><strong>4 dni: 1200 z\u0142 (300 z\u0142\/ doba)<\/strong><\/p><p class=\"p1\"><span style=\"color: #ff0000;\"><b>Miejsce w pokoju 2\u2013osobowym<\/b><\/span><\/p><p class=\"p1\"><strong>4 dni: 1120 z\u0142 (280 z\u0142\/ doba)<\/strong><\/p>\t            <\/div>        <\/div>\t\t\t\t<\/div>\n\t\t\t\t<\/div>\n\t\t\t\t<div class=\"elementor-element elementor-element-5929a35 elementor-widget elementor-widget-cs_title\" data-id=\"5929a35\" data-element_type=\"widget\" data-widget_type=\"cs_title.default\">\n\t\t\t\t<div class=\"elementor-widget-container\">\n\t\t\t\t\t\n        <div class=\"cs-title-wrap text-center\">\t            <h3 class=\"cs-title\">\n\t                Restauracja YORK\n\nzaprasza na\nSylwester  2025\/2026\t            <\/h3>\t            <div class=\"cs-title-text\">\n\t                <h2 class=\"p1\">31 grudnia 2025<br \/>20:00 \u2013 02:00<br \/>330 z\u0142\/osoba<\/h2><p>Oprawa muzyczna<br \/>Uroczysta kolacja<br \/>Bufet z ciep\u0142ymi i zimnymi zak\u0105skami<br \/>Wiejski st\u00f3\u0142<br \/>S\u0142odki bufet<br \/>Soki i napoje gazowane bez ogranicze\u0144<br \/>Woda z cytryn\u0105, kawa i herbata bez ogranicze\u0144<br \/>Niespodzianka wieczoru<\/p>\t            <\/div>        <\/div>\t\t\t\t<\/div>\n\t\t\t\t<\/div>\n\t\t\t\t\t<\/div>\n\t\t<\/div>\n\t\t\t\t\t<\/div>\n\t\t<\/section>\n\t\t\t\t<section class=\"elementor-section elementor-top-section elementor-element elementor-element-429fc44f cs_scroll_y_80 cs-section-content-fullwidth cs-parallax-on-scroll elementor-section-boxed elementor-section-height-default elementor-section-height-default\" data-id=\"429fc44f\" data-element_type=\"section\" data-settings=\"{&quot;background_background&quot;:&quot;classic&quot;}\" data-cs-parallax-y=\"80\" style=\"background-image: none;\" data-cs-background-image=\"http:\/\/serwer2406285.home.pl\/autoinstalator\/wordpress2\/wp-content\/uploads\/2024\/12\/033-Niestandardowy.jpg\">\n\t\t\t\t\t\t\t<div class=\"elementor-background-overlay\"><\/div>\n\t\t\t\t\t\t\t<div class=\"elementor-container elementor-column-gap-no\">\n\t\t\t\t\t<div class=\"elementor-column elementor-col-100 elementor-top-column elementor-element elementor-element-11fd9efa dark-color\" data-id=\"11fd9efa\" data-element_type=\"column\" data-settings=\"{&quot;background_background&quot;:&quot;classic&quot;}\">\n\t\t\t<div class=\"elementor-widget-wrap elementor-element-populated\">\n\t\t\t\t\t\t<div class=\"elementor-element elementor-element-4397769d cs-animation-small-offset elementor-invisible elementor-widget elementor-widget-cs_title\" data-id=\"4397769d\" data-element_type=\"widget\" data-settings=\"{&quot;_animation&quot;:&quot;fadeInUp&quot;,&quot;_animation_delay&quot;:100}\" data-widget_type=\"cs_title.default\">\n\t\t\t\t<div class=\"elementor-widget-container\">\n\t\t\t\t\t\n        <div class=\"cs-title-wrap text-center\">\t            <div class=\"cs-subtitle-wrap\"><span class=\"cs-subtitle color-primary\">Co warto zobaczy\u0107 w Ciechocinku ?<\/span><\/div>\t            <h4 class=\"cs-title\">\n\t                Ciechocinek to jedno z najpi\u0119kniejszych i najbardziej znanych uzdrowisk w Polsce. \t            <\/h4>        <\/div>\t\t\t\t<\/div>\n\t\t\t\t<\/div>\n\t\t\t\t<div class=\"elementor-element elementor-element-37cb870 elementor-align-center cs-animation-small-offset elementor-invisible elementor-widget elementor-widget-cs_button\" data-id=\"37cb870\" data-element_type=\"widget\" data-settings=\"{&quot;_animation&quot;:&quot;fadeInUp&quot;,&quot;_animation_delay&quot;:300}\" data-widget_type=\"cs_button.default\">\n\t\t\t\t<div class=\"elementor-widget-container\">\n\t\t\t\t\t        <a href=\"https:\/\/sanatoriumyork.pl\/index.php\/atrakcje-turystyczne-ciechocinek\/\" class=\"elementor-button-link button cs-btn-outline\" role=\"button\">\n            <span class=\"cs-btn-text\">Atrakcje turystyczne<\/span>        <\/a>\t\t\t\t<\/div>\n\t\t\t\t<\/div>\n\t\t\t\t\t<\/div>\n\t\t<\/div>\n\t\t\t\t\t<\/div>\n\t\t<\/section>\n\t\t\t\t<\/div>\n\t\t","protected":false},"excerpt":{"rendered":"<p>PobytSylwestrowo-Noworoczny 29.12.2025 r. &#8211; 2.01.2026 r. Sanatorium York w Ciechocinku Pobyt noworoczny w sanatorium York w Ciechocinku mo\u017ce by\u0107 doskona\u0142ym sposobem na przywitanie Nowego Roku w zdrowej i relaksuj\u0105cej atmosferze. Sanatorium, po\u0142o\u017cone w uzdrowiskowym miasteczku znanym z leczniczych w\u0142a\u015bciwo\u015bci solanek, oferuje zar\u00f3wno zdrowotne zabiegi, jak i mo\u017cliwo\u015b\u0107 wypoczynku w czasie \u015bwi\u0105tecznym. Pobyt Sylwestrowo-Noworoczny 29.12.2025 r.\u00a0 &#8230;<\/p>\n","protected":false},"author":1,"featured_media":0,"parent":0,"menu_order":0,"comment_status":"closed","ping_status":"closed","template":"template-wide-content.php","meta":{"cozystay_single_page_hide_site_header":"","cozystay_single_page_site_header_source":"","cozystay_single_page_custom_site_header":"","cozystay_single_page_custom_sticky_site_header":"","cozystay_single_page_hide_page_title":"on","cozystay_single_page_header_section_size":"","cozystay_single_page_header_background_color":"","cozystay_single_page_header_background_position_x":"center","cozystay_single_page_header_background_position_y":"center","cozystay_single_page_header_background_size":"cover","cozystay_single_page_header_background_repeat":"off","cozystay_single_page_header_background_scroll":"on","cozystay_single_page_header_text_color":"","cozystay_single_page_header_show_breadcrumb":"","cozystay_single_page_site_footer_hide_main":"","cozystay_single_custom_site_footer_main_source":"","cozystay_single_custom_site_footer_main":"","cozystay_single_page_site_footer_hide_above":"","cozystay_single_custom_site_footer_above_source":"","cozystay_single_custom_site_footer_above":"","cozystay_single_page_site_footer_hide_instagram":"","cozystay_single_page_site_footer_hide_bottom":"","cozystay_single_custom_mobile_menu_source":"","cozystay_single_custom_mobile_menu":"","cozystay_single_custom_mobile_menu_animation":"","cozystay_single_custom_mobile_menu_width":"","cozystay_single_custom_mobile_menu_custom_width":375,"footnotes":""},"class_list":["post-9229","page","type-page","status-publish","hentry"],"yoast_head":"<!-- This site is optimized with the Yoast SEO plugin v26.8 - https:\/\/yoast.com\/product\/yoast-seo-wordpress\/ -->\n<title>Pobyt Sylwestrowo-Noworoczny 29.12.2025 r. - 2.01.2026 r. - Sanatorium York Ciechocinek<\/title>\n<meta name=\"robots\" content=\"index, follow, max-snippet:-1, max-image-preview:large, max-video-preview:-1\" \/>\n<link rel=\"canonical\" href=\"https:\/\/sanatoriumyork.pl\/index.php\/pobyt-sylwestrowo-noworoczny-29-12-2025-r-2-01-2026-r\/\" \/>\n<meta property=\"og:locale\" content=\"pl_PL\" \/>\n<meta property=\"og:type\" content=\"article\" \/>\n<meta property=\"og:title\" content=\"Pobyt Sylwestrowo-Noworoczny 29.12.2025 r. - 2.01.2026 r. - Sanatorium York Ciechocinek\" \/>\n<meta property=\"og:description\" content=\"PobytSylwestrowo-Noworoczny 29.12.2025 r. &#8211; 2.01.2026 r. Sanatorium York w Ciechocinku Pobyt noworoczny w sanatorium York w Ciechocinku mo\u017ce by\u0107 doskona\u0142ym sposobem na przywitanie Nowego Roku w zdrowej i relaksuj\u0105cej atmosferze. Sanatorium, po\u0142o\u017cone w uzdrowiskowym miasteczku znanym z leczniczych w\u0142a\u015bciwo\u015bci solanek, oferuje zar\u00f3wno zdrowotne zabiegi, jak i mo\u017cliwo\u015b\u0107 wypoczynku w czasie \u015bwi\u0105tecznym. Pobyt Sylwestrowo-Noworoczny 29.12.2025 r.\u00a0 ...\" \/>\n<meta property=\"og:url\" content=\"https:\/\/sanatoriumyork.pl\/index.php\/pobyt-sylwestrowo-noworoczny-29-12-2025-r-2-01-2026-r\/\" \/>\n<meta property=\"og:site_name\" content=\"Sanatorium York Ciechocinek\" \/>\n<meta property=\"article:modified_time\" content=\"2025-10-22T07:22:48+00:00\" \/>\n<meta name=\"twitter:card\" content=\"summary_large_image\" \/>\n<meta name=\"twitter:label1\" content=\"Szacowany czas czytania\" \/>\n\t<meta name=\"twitter:data1\" content=\"2 minuty\" \/>\n<script type=\"application\/ld+json\" class=\"yoast-schema-graph\">{\"@context\":\"https:\/\/schema.org\",\"@graph\":[{\"@type\":\"WebPage\",\"@id\":\"https:\/\/sanatoriumyork.pl\/index.php\/pobyt-sylwestrowo-noworoczny-29-12-2025-r-2-01-2026-r\/\",\"url\":\"https:\/\/sanatoriumyork.pl\/index.php\/pobyt-sylwestrowo-noworoczny-29-12-2025-r-2-01-2026-r\/\",\"name\":\"Pobyt Sylwestrowo-Noworoczny 29.12.2025 r. - 2.01.2026 r. - Sanatorium York Ciechocinek\",\"isPartOf\":{\"@id\":\"https:\/\/sanatoriumyork.pl\/#website\"},\"datePublished\":\"2025-10-20T07:25:11+00:00\",\"dateModified\":\"2025-10-22T07:22:48+00:00\",\"breadcrumb\":{\"@id\":\"https:\/\/sanatoriumyork.pl\/index.php\/pobyt-sylwestrowo-noworoczny-29-12-2025-r-2-01-2026-r\/#breadcrumb\"},\"inLanguage\":\"pl-PL\",\"potentialAction\":[{\"@type\":\"ReadAction\",\"target\":[\"https:\/\/sanatoriumyork.pl\/index.php\/pobyt-sylwestrowo-noworoczny-29-12-2025-r-2-01-2026-r\/\"]}]},{\"@type\":\"BreadcrumbList\",\"@id\":\"https:\/\/sanatoriumyork.pl\/index.php\/pobyt-sylwestrowo-noworoczny-29-12-2025-r-2-01-2026-r\/#breadcrumb\",\"itemListElement\":[{\"@type\":\"ListItem\",\"position\":1,\"name\":\"Home\",\"item\":\"https:\/\/sanatoriumyork.pl\/\"},{\"@type\":\"ListItem\",\"position\":2,\"name\":\"Pobyt Sylwestrowo-Noworoczny 29.12.2025 r. &#8211; 2.01.2026 r.\"}]},{\"@type\":\"WebSite\",\"@id\":\"https:\/\/sanatoriumyork.pl\/#website\",\"url\":\"https:\/\/sanatoriumyork.pl\/\",\"name\":\"Sanatorium York Ciechocinek\",\"description\":\"Sanatorium Ciechocinek. Zapraszamy do Ciechocinka na leczenie, rehabilitacje, zabiegi.\",\"publisher\":{\"@id\":\"https:\/\/sanatoriumyork.pl\/#organization\"},\"potentialAction\":[{\"@type\":\"SearchAction\",\"target\":{\"@type\":\"EntryPoint\",\"urlTemplate\":\"https:\/\/sanatoriumyork.pl\/?s={search_term_string}\"},\"query-input\":{\"@type\":\"PropertyValueSpecification\",\"valueRequired\":true,\"valueName\":\"search_term_string\"}}],\"inLanguage\":\"pl-PL\"},{\"@type\":\"Organization\",\"@id\":\"https:\/\/sanatoriumyork.pl\/#organization\",\"name\":\"Sanatorium York Ciechocinek\",\"url\":\"https:\/\/sanatoriumyork.pl\/\",\"logo\":{\"@type\":\"ImageObject\",\"inLanguage\":\"pl-PL\",\"@id\":\"https:\/\/sanatoriumyork.pl\/#\/schema\/logo\/image\/\",\"url\":\"https:\/\/sanatoriumyork.pl\/wp-content\/uploads\/2023\/04\/cropped-YORK-logo-ok.png\",\"contentUrl\":\"https:\/\/sanatoriumyork.pl\/wp-content\/uploads\/2023\/04\/cropped-YORK-logo-ok.png\",\"width\":400,\"height\":126,\"caption\":\"Sanatorium York Ciechocinek\"},\"image\":{\"@id\":\"https:\/\/sanatoriumyork.pl\/#\/schema\/logo\/image\/\"}}]}<\/script>\n<!-- \/ Yoast SEO plugin. -->","yoast_head_json":{"title":"Pobyt Sylwestrowo-Noworoczny 29.12.2025 r. - 2.01.2026 r. - Sanatorium York Ciechocinek","robots":{"index":"index","follow":"follow","max-snippet":"max-snippet:-1","max-image-preview":"max-image-preview:large","max-video-preview":"max-video-preview:-1"},"canonical":"https:\/\/sanatoriumyork.pl\/index.php\/pobyt-sylwestrowo-noworoczny-29-12-2025-r-2-01-2026-r\/","og_locale":"pl_PL","og_type":"article","og_title":"Pobyt Sylwestrowo-Noworoczny 29.12.2025 r. - 2.01.2026 r. - Sanatorium York Ciechocinek","og_description":"PobytSylwestrowo-Noworoczny 29.12.2025 r. &#8211; 2.01.2026 r. Sanatorium York w Ciechocinku Pobyt noworoczny w sanatorium York w Ciechocinku mo\u017ce by\u0107 doskona\u0142ym sposobem na przywitanie Nowego Roku w zdrowej i relaksuj\u0105cej atmosferze. Sanatorium, po\u0142o\u017cone w uzdrowiskowym miasteczku znanym z leczniczych w\u0142a\u015bciwo\u015bci solanek, oferuje zar\u00f3wno zdrowotne zabiegi, jak i mo\u017cliwo\u015b\u0107 wypoczynku w czasie \u015bwi\u0105tecznym. Pobyt Sylwestrowo-Noworoczny 29.12.2025 r.\u00a0 ...","og_url":"https:\/\/sanatoriumyork.pl\/index.php\/pobyt-sylwestrowo-noworoczny-29-12-2025-r-2-01-2026-r\/","og_site_name":"Sanatorium York Ciechocinek","article_modified_time":"2025-10-22T07:22:48+00:00","twitter_card":"summary_large_image","twitter_misc":{"Szacowany czas czytania":"2 minuty"},"schema":{"@context":"https:\/\/schema.org","@graph":[{"@type":"WebPage","@id":"https:\/\/sanatoriumyork.pl\/index.php\/pobyt-sylwestrowo-noworoczny-29-12-2025-r-2-01-2026-r\/","url":"https:\/\/sanatoriumyork.pl\/index.php\/pobyt-sylwestrowo-noworoczny-29-12-2025-r-2-01-2026-r\/","name":"Pobyt Sylwestrowo-Noworoczny 29.12.2025 r. - 2.01.2026 r. - Sanatorium York Ciechocinek","isPartOf":{"@id":"https:\/\/sanatoriumyork.pl\/#website"},"datePublished":"2025-10-20T07:25:11+00:00","dateModified":"2025-10-22T07:22:48+00:00","breadcrumb":{"@id":"https:\/\/sanatoriumyork.pl\/index.php\/pobyt-sylwestrowo-noworoczny-29-12-2025-r-2-01-2026-r\/#breadcrumb"},"inLanguage":"pl-PL","potentialAction":[{"@type":"ReadAction","target":["https:\/\/sanatoriumyork.pl\/index.php\/pobyt-sylwestrowo-noworoczny-29-12-2025-r-2-01-2026-r\/"]}]},{"@type":"BreadcrumbList","@id":"https:\/\/sanatoriumyork.pl\/index.php\/pobyt-sylwestrowo-noworoczny-29-12-2025-r-2-01-2026-r\/#breadcrumb","itemListElement":[{"@type":"ListItem","position":1,"name":"Home","item":"https:\/\/sanatoriumyork.pl\/"},{"@type":"ListItem","position":2,"name":"Pobyt Sylwestrowo-Noworoczny 29.12.2025 r. &#8211; 2.01.2026 r."}]},{"@type":"WebSite","@id":"https:\/\/sanatoriumyork.pl\/#website","url":"https:\/\/sanatoriumyork.pl\/","name":"Sanatorium York Ciechocinek","description":"Sanatorium Ciechocinek. Zapraszamy do Ciechocinka na leczenie, rehabilitacje, zabiegi.","publisher":{"@id":"https:\/\/sanatoriumyork.pl\/#organization"},"potentialAction":[{"@type":"SearchAction","target":{"@type":"EntryPoint","urlTemplate":"https:\/\/sanatoriumyork.pl\/?s={search_term_string}"},"query-input":{"@type":"PropertyValueSpecification","valueRequired":true,"valueName":"search_term_string"}}],"inLanguage":"pl-PL"},{"@type":"Organization","@id":"https:\/\/sanatoriumyork.pl\/#organization","name":"Sanatorium York Ciechocinek","url":"https:\/\/sanatoriumyork.pl\/","logo":{"@type":"ImageObject","inLanguage":"pl-PL","@id":"https:\/\/sanatoriumyork.pl\/#\/schema\/logo\/image\/","url":"https:\/\/sanatoriumyork.pl\/wp-content\/uploads\/2023\/04\/cropped-YORK-logo-ok.png","contentUrl":"https:\/\/sanatoriumyork.pl\/wp-content\/uploads\/2023\/04\/cropped-YORK-logo-ok.png","width":400,"height":126,"caption":"Sanatorium York Ciechocinek"},"image":{"@id":"https:\/\/sanatoriumyork.pl\/#\/schema\/logo\/image\/"}}]}},"_links":{"self":[{"href":"https:\/\/sanatoriumyork.pl\/index.php\/wp-json\/wp\/v2\/pages\/9229","targetHints":{"allow":["GET"]}}],"collection":[{"href":"https:\/\/sanatoriumyork.pl\/index.php\/wp-json\/wp\/v2\/pages"}],"about":[{"href":"https:\/\/sanatoriumyork.pl\/index.php\/wp-json\/wp\/v2\/types\/page"}],"author":[{"embeddable":true,"href":"https:\/\/sanatoriumyork.pl\/index.php\/wp-json\/wp\/v2\/users\/1"}],"replies":[{"embeddable":true,"href":"https:\/\/sanatoriumyork.pl\/index.php\/wp-json\/wp\/v2\/comments?post=9229"}],"version-history":[{"count":0,"href":"https:\/\/sanatoriumyork.pl\/index.php\/wp-json\/wp\/v2\/pages\/9229\/revisions"}],"wp:attachment":[{"href":"https:\/\/sanatoriumyork.pl\/index.php\/wp-json\/wp\/v2\/media?parent=9229"}],"curies":[{"name":"wp","href":"https:\/\/api.w.org\/{rel}","templated":true}]}}